{"id":2,"date":"2022-03-15T14:54:41","date_gmt":"2022-03-15T14:54:41","guid":{"rendered":"https:\/\/www.inesholling.de\/?page_id=2"},"modified":"2025-07-21T08:28:33","modified_gmt":"2025-07-21T08:28:33","slug":"sample-page","status":"publish","type":"page","link":"https:\/\/inesholling.de\/","title":{"rendered":"Startseite"},"content":{"rendered":"<p>[et_pb_section fb_built=&#8220;1&#8243; disabled_on=&#8220;on|on|off&#8220; _builder_version=&#8220;4.22.1&#8243; _module_preset=&#8220;default&#8220; background_color=&#8220;#FF9E93&#8243; min_height_tablet=&#8220;&#8220; min_height_phone=&#8220;&#8220; min_height_last_edited=&#8220;on|phone&#8220; height_tablet=&#8220;&#8220; height_phone=&#8220;&#8220; height_last_edited=&#8220;on|desktop&#8220; custom_margin=&#8220;||||false|false&#8220; custom_margin_tablet=&#8220;||||false|false&#8220; custom_margin_phone=&#8220;||||false|false&#8220; custom_margin_last_edited=&#8220;on|phone&#8220; custom_padding=&#8220;20px||20px||true|false&#8220; global_colors_info=&#8220;{}&#8220;][et_pb_row column_structure=&#8220;1_3,1_3,1_3&#8243; use_custom_gutter=&#8220;on&#8220; _builder_version=&#8220;4.16&#8243; _module_preset=&#8220;default&#8220; min_height_tablet=&#8220;&#8220; min_height_phone=&#8220;&#8220; min_height_last_edited=&#8220;on|desktop&#8220; custom_margin=&#8220;0px||||false|false&#8220; custom_margin_tablet=&#8220;0px||||false|false&#8220; custom_margin_phone=&#8220;0px||||false|false&#8220; custom_margin_last_edited=&#8220;on|phone&#8220; custom_padding=&#8220;0px||0px||true|false&#8220; global_colors_info=&#8220;{}&#8220;][et_pb_column type=&#8220;1_3&#8243; _builder_version=&#8220;4.16&#8243; _module_preset=&#8220;default&#8220; global_colors_info=&#8220;{}&#8220;][et_pb_blurb use_icon=&#8220;on&#8220; font_icon=&#8220;&#xf879;||fa||900&#8243; icon_color=&#8220;#FFFFFF&#8220; icon_placement=&#8220;left&#8220; image_icon_width=&#8220;23px&#8220; _builder_version=&#8220;4.22.1&#8243; _module_preset=&#8220;default&#8220; image_icon_custom_margin=&#8220;|-8px|||false|false&#8220; background_layout=&#8220;dark&#8220; custom_padding=&#8220;|||50px|false|false&#8220; global_colors_info=&#8220;{}&#8220;]<\/p>\n<p>0176 96034110<\/p>\n<p>[\/et_pb_blurb][\/et_pb_column][et_pb_column type=&#8220;1_3&#8243; _builder_version=&#8220;4.16&#8243; _module_preset=&#8220;default&#8220; global_colors_info=&#8220;{}&#8220;][et_pb_blurb use_icon=&#8220;on&#8220; font_icon=&#8220;&#xe010;||divi||400&#8243; icon_color=&#8220;#FFFFFF&#8220; icon_placement=&#8220;left&#8220; image_icon_width=&#8220;23px&#8220; _builder_version=&#8220;4.22.1&#8243; _module_preset=&#8220;default&#8220; image_icon_custom_margin=&#8220;|-8px|||false|false&#8220; background_layout=&#8220;dark&#8220; custom_padding=&#8220;|||60px|false|false&#8220; global_colors_info=&#8220;{}&#8220;]<\/p>\n<p>ines@holling.de<\/p>\n<p>[\/et_pb_blurb][\/et_pb_column][et_pb_column type=&#8220;1_3&#8243; _builder_version=&#8220;4.16&#8243; _module_preset=&#8220;default&#8220; global_colors_info=&#8220;{}&#8220;][et_pb_blurb use_icon=&#8220;on&#8220; font_icon=&#8220;&#xf073;||fa||900&#8243; icon_color=&#8220;#FFFFFF&#8220; icon_placement=&#8220;left&#8220; image_icon_width=&#8220;23px&#8220; _builder_version=&#8220;4.22.1&#8243; _module_preset=&#8220;default&#8220; image_icon_custom_margin=&#8220;|-8px|||false|false&#8220; background_layout=&#8220;dark&#8220; custom_padding=&#8220;|||60px|false|false&#8220; global_colors_info=&#8220;{}&#8220;]<\/p>\n<p>Termine nach Vereinbarung<\/p>\n<p>[\/et_pb_blurb][\/et_pb_column][\/et_pb_row][\/et_pb_section][et_pb_section fb_built=&#8220;1&#8243; disabled_on=&#8220;off|off|on&#8220; _builder_version=&#8220;4.22.1&#8243; _module_preset=&#8220;default&#8220; background_color=&#8220;#FF9E93&#8243; min_height_tablet=&#8220;&#8220; min_height_phone=&#8220;&#8220; min_height_last_edited=&#8220;on|phone&#8220; height_tablet=&#8220;&#8220; height_phone=&#8220;&#8220; height_last_edited=&#8220;on|desktop&#8220; custom_margin=&#8220;||||false|false&#8220; custom_margin_tablet=&#8220;||||false|false&#8220; custom_margin_phone=&#8220;||||false|false&#8220; custom_margin_last_edited=&#8220;on|phone&#8220; custom_padding=&#8220;20px||20px||true|false&#8220; global_colors_info=&#8220;{}&#8220;][et_pb_row use_custom_gutter=&#8220;on&#8220; _builder_version=&#8220;4.16&#8243; _module_preset=&#8220;default&#8220; min_height_tablet=&#8220;&#8220; min_height_phone=&#8220;&#8220; min_height_last_edited=&#8220;on|desktop&#8220; custom_margin=&#8220;0px||||false|false&#8220; custom_margin_tablet=&#8220;0px||||false|false&#8220; custom_margin_phone=&#8220;0px||||false|false&#8220; custom_margin_last_edited=&#8220;on|phone&#8220; custom_padding=&#8220;9px||9px||true|false&#8220; global_colors_info=&#8220;{}&#8220;][et_pb_column type=&#8220;4_4&#8243; _builder_version=&#8220;4.16&#8243; _module_preset=&#8220;default&#8220; global_colors_info=&#8220;{}&#8220;][et_pb_blurb use_icon=&#8220;on&#8220; font_icon=&#8220;&#xf879;||fa||900&#8243; icon_color=&#8220;#FFFFFF&#8220; icon_placement=&#8220;left&#8220; image_icon_width=&#8220;23px&#8220; _builder_version=&#8220;4.22.1&#8243; _module_preset=&#8220;default&#8220; image_icon_custom_margin=&#8220;|-8px|||false|false&#8220; background_layout=&#8220;dark&#8220; custom_padding=&#8220;|||60px|false|false&#8220; global_colors_info=&#8220;{}&#8220;]<\/p>\n<p>0176 96034110<\/p>\n<p>[\/et_pb_blurb][et_pb_blurb use_icon=&#8220;on&#8220; font_icon=&#8220;&#xe010;||divi||400&#8243; icon_color=&#8220;#FFFFFF&#8220; icon_placement=&#8220;left&#8220; image_icon_width=&#8220;23px&#8220; _builder_version=&#8220;4.22.1&#8243; _module_preset=&#8220;default&#8220; image_icon_custom_margin=&#8220;|-8px|||false|false&#8220; background_layout=&#8220;dark&#8220; custom_padding=&#8220;|||60px|false|false&#8220; global_colors_info=&#8220;{}&#8220;]<\/p>\n<p>ines@holling.de<\/p>\n<p>[\/et_pb_blurb][et_pb_blurb use_icon=&#8220;on&#8220; font_icon=&#8220;&#xf073;||fa||900&#8243; icon_color=&#8220;#FFFFFF&#8220; icon_placement=&#8220;left&#8220; image_icon_width=&#8220;23px&#8220; _builder_version=&#8220;4.22.1&#8243; _module_preset=&#8220;default&#8220; image_icon_custom_margin=&#8220;|-8px|||false|false&#8220; background_layout=&#8220;dark&#8220; custom_padding=&#8220;|||60px|false|false&#8220; global_colors_info=&#8220;{}&#8220;]<\/p>\n<p>Termine nach Vereinbarung<\/p>\n<p>[\/et_pb_blurb][\/et_pb_column][\/et_pb_row][\/et_pb_section][et_pb_section fb_built=&#8220;1&#8243; _builder_version=&#8220;4.16&#8243; _module_preset=&#8220;default&#8220; background_image=&#8220;https:\/\/inesholling.de\/wp-content\/uploads\/2022\/03\/header_Startseite.jpg&#8220; width=&#8220;100%&#8220; width_tablet=&#8220;&#8220; width_phone=&#8220;&#8220; width_last_edited=&#8220;on|phone&#8220; height=&#8220;450px&#8220; height_tablet=&#8220;350px&#8220; height_phone=&#8220;250px&#8220; height_last_edited=&#8220;on|phone&#8220; custom_padding=&#8220;60px||60px||true|false&#8220; global_colors_info=&#8220;{}&#8220;][\/et_pb_section][et_pb_section fb_built=&#8220;1&#8243; _builder_version=&#8220;4.16&#8243; _module_preset=&#8220;default&#8220; custom_padding=&#8220;20px||20px||true|false&#8220; global_colors_info=&#8220;{}&#8220;][et_pb_row column_structure=&#8220;1_3,1_3,1_3&#8243; _builder_version=&#8220;4.16&#8243; _module_preset=&#8220;default&#8220; custom_padding=&#8220;20px||20px||true|false&#8220; global_colors_info=&#8220;{}&#8220;][et_pb_column type=&#8220;1_3&#8243; _builder_version=&#8220;4.16&#8243; _module_preset=&#8220;default&#8220; global_colors_info=&#8220;{}&#8220;][\/et_pb_column][et_pb_column type=&#8220;1_3&#8243; _builder_version=&#8220;4.16&#8243; _module_preset=&#8220;default&#8220; global_colors_info=&#8220;{}&#8220;][et_pb_image src=&#8220;https:\/\/inesholling.de\/wp-content\/uploads\/2022\/03\/InesFoto.png&#8220; alt=&#8220;Profilbild&#8220; title_text=&#8220;InesFoto&#8220; align=&#8220;center&#8220; _builder_version=&#8220;4.16&#8243; _module_preset=&#8220;default&#8220; width_tablet=&#8220;&#8220; width_phone=&#8220;&#8220; width_last_edited=&#8220;on|phone&#8220; max_width=&#8220;70%&#8220; module_alignment=&#8220;center&#8220; custom_padding=&#8220;20px||20px||true|false&#8220; custom_padding_tablet=&#8220;20px||20px||true|false&#8220; custom_padding_phone=&#8220;40px||40px||true|false&#8220; custom_padding_last_edited=&#8220;on|phone&#8220; global_colors_info=&#8220;{}&#8220;][\/et_pb_image][et_pb_text _builder_version=&#8220;4.16&#8243; _module_preset=&#8220;default&#8220; text_orientation=&#8220;center&#8220; global_colors_info=&#8220;{}&#8220;]<\/p>\n<p>Ines Holling<\/p>\n<p>Heilpraktikerin (Physiotherapie)<\/p>\n<p>[\/et_pb_text][\/et_pb_column][et_pb_column type=&#8220;1_3&#8243; _builder_version=&#8220;4.16&#8243; _module_preset=&#8220;default&#8220; global_colors_info=&#8220;{}&#8220;][\/et_pb_column][\/et_pb_row][\/et_pb_section][et_pb_section fb_built=&#8220;1&#8243; fullwidth=&#8220;on&#8220; module_id=&#8220;leistungen&#8220; _builder_version=&#8220;4.16&#8243; _module_preset=&#8220;default&#8220; custom_padding=&#8220;20px||20px||true|false&#8220; global_colors_info=&#8220;{}&#8220;][et_pb_fullwidth_header title=&#8220;Meine Leistungen&#8220; _builder_version=&#8220;4.16&#8243; _module_preset=&#8220;default&#8220; title_level=&#8220;h2&#8243; title_font=&#8220;Playfair bold local|||on|||||&#8220; title_text_align=&#8220;center&#8220; title_font_size=&#8220;45px&#8220; title_letter_spacing=&#8220;5px&#8220; content_font=&#8220;Nunito Sans reg local||||||||&#8220; custom_margin=&#8220;||||false|false&#8220; custom_padding=&#8220;0px||0px||true|false&#8220; custom_padding_tablet=&#8220;0px||0px||true|false&#8220; custom_padding_phone=&#8220;0px||0px||true|false&#8220; custom_padding_last_edited=&#8220;on|phone&#8220; title_text_color_tablet=&#8220;&#8220; title_text_color_phone=&#8220;&#8220; title_text_color_last_edited=&#8220;on|desktop&#8220; title_font_size_tablet=&#8220;35px&#8220; title_font_size_phone=&#8220;25px&#8220; title_font_size_last_edited=&#8220;on|phone&#8220; global_colors_info=&#8220;{}&#8220;][\/et_pb_fullwidth_header][\/et_pb_section][et_pb_section fb_built=&#8220;1&#8243; _builder_version=&#8220;4.16&#8243; _module_preset=&#8220;default&#8220; global_colors_info=&#8220;{}&#8220;][et_pb_row column_structure=&#8220;1_2,1_2&#8243; _builder_version=&#8220;4.16&#8243; _module_preset=&#8220;default&#8220; custom_padding=&#8220;20px||20px||true|false&#8220; global_colors_info=&#8220;{}&#8220;][et_pb_column type=&#8220;1_2&#8243; _builder_version=&#8220;4.16&#8243; _module_preset=&#8220;default&#8220; global_colors_info=&#8220;{}&#8220;][et_pb_text _builder_version=&#8220;4.16&#8243; _module_preset=&#8220;default&#8220; text_font=&#8220;Nunito Sans reg local||||||||&#8220; header_text_color=&#8220;#666666&#8243; header_2_text_color=&#8220;#666666&#8243; header_2_font_size=&#8220;27px&#8220; header_3_font=&#8220;Playfair bold local||||||||&#8220; header_3_text_color=&#8220;#666666&#8243; header_3_font_size=&#8220;26px&#8220; global_colors_info=&#8220;{}&#8220;]<\/p>\n<h3 style=\"text-align: center;\"><strong>Privatrezepte<\/strong><strong> <\/strong><\/h3>\n<p><strong><\/strong><\/p>\n<p style=\"text-align: center;\"><strong><em><\/em><\/strong>Mit Ihrem Rezept k\u00f6nnen Sie bei mir folgende Leistungen bekommen:<\/p>\n<p style=\"text-align: center;\"><i style=\"font-size: 18px;\"><strong>Krankengymnastik<\/strong><\/i><\/p>\n<p style=\"text-align: center;\"><strong><i>Massage<\/i><\/strong><span><br \/><\/span>(ggf. mit hei\u00dfer Rolle)<\/p>\n<p style=\"text-align: center;\"><strong><i>Hausbesuche<\/i><\/strong><\/p>\n<p>[\/et_pb_text][\/et_pb_column][et_pb_column type=&#8220;1_2&#8243; _builder_version=&#8220;4.16&#8243; _module_preset=&#8220;default&#8220; global_colors_info=&#8220;{}&#8220;][et_pb_text _builder_version=&#8220;4.16&#8243; _module_preset=&#8220;default&#8220; header_2_text_color=&#8220;#666666&#8243; header_3_text_color=&#8220;#666666&#8243; header_3_font_size=&#8220;26px&#8220; global_colors_info=&#8220;{}&#8220;]<\/p>\n<h3 style=\"text-align: center;\"><strong>Privatzahler<\/strong><\/h3>\n<p><strong><\/strong><\/p>\n<p style=\"text-align: center;\">Ohne Umwege direkt zum Therapeuten!<\/p>\n<p style=\"text-align: center;\"><strong>G\u00f6nnen<\/strong><span> <\/span><strong>Sie sich:<\/strong><\/p>\n<p style=\"text-align: center;\"><b><i>Physiotherapie<\/i><\/b><\/p>\n<p style=\"text-align: center;\">z. B.: <span>\u00a0<\/span>&#8211; bei<span>\u00a0<\/span>akuten Orthop\u00e4dische<span>\u00a0<\/span>Beschwerden<\/p>\n<p style=\"text-align: center;\">&#8211; bei chronischen Komplexbeschwerden<\/p>\n<p style=\"text-align: center;\">\u00a0\u00a0\u00a0<span>\u00a0<\/span><i><b>Massage<\/b><span>\u00a0<br \/><\/span><\/i>(ggf. mit hei\u00dfer Rolle)<\/p>\n<p style=\"text-align: center;\"><i><b>\u00a0\u00a0\u00a0 Gutscheine<\/b><\/i><\/p>\n<p>[\/et_pb_text][\/et_pb_column][\/et_pb_row][\/et_pb_section][et_pb_section fb_built=&#8220;1&#8243; fullwidth=&#8220;on&#8220; module_id=&#8220;preisliste&#8220; _builder_version=&#8220;4.16&#8243; _module_preset=&#8220;default&#8220; width=&#8220;100%&#8220; height=&#8220;100%&#8220; custom_padding=&#8220;20px||20px||true|false&#8220; global_colors_info=&#8220;{}&#8220;][et_pb_fullwidth_header title=&#8220;Preisliste&#8220; _builder_version=&#8220;4.16&#8243; _module_preset=&#8220;default&#8220; title_level=&#8220;h2&#8243; title_font=&#8220;|||on|||||&#8220; title_text_align=&#8220;center&#8220; title_font_size=&#8220;45px&#8220; title_letter_spacing=&#8220;5px&#8220; custom_padding=&#8220;0px||0px||true|false&#8220; title_text_color_tablet=&#8220;&#8220; title_text_color_phone=&#8220;&#8220; title_text_color_last_edited=&#8220;on|desktop&#8220; title_font_size_tablet=&#8220;35px&#8220; title_font_size_phone=&#8220;25px&#8220; title_font_size_last_edited=&#8220;on|tablet&#8220; global_colors_info=&#8220;{}&#8220;][\/et_pb_fullwidth_header][\/et_pb_section][et_pb_section fb_built=&#8220;1&#8243; _builder_version=&#8220;4.16&#8243; _module_preset=&#8220;default&#8220; custom_padding=&#8220;20px||20px||true|false&#8220; global_colors_info=&#8220;{}&#8220;][et_pb_row _builder_version=&#8220;4.22.1&#8243; _module_preset=&#8220;default&#8220; custom_padding=&#8220;33px||33px||true|false&#8220; global_colors_info=&#8220;{}&#8220;][et_pb_column type=&#8220;4_4&#8243; _builder_version=&#8220;4.16&#8243; _module_preset=&#8220;default&#8220; global_colors_info=&#8220;{}&#8220;][et_pb_text _builder_version=&#8220;4.22.1&#8243; _module_preset=&#8220;default&#8220; text_font_size=&#8220;16px&#8220; text_font_size_tablet=&#8220;14px&#8220; text_font_size_phone=&#8220;14px&#8220; text_font_size_last_edited=&#8220;on|phone&#8220; global_colors_info=&#8220;{}&#8220;]<\/p>\n<p>&nbsp;<\/p>\n<table style=\"border-collapse: collapse; width: 100%;\" border=\"1\">\n<tbody>\n<tr>\n<td style=\"width: 43.6893%;\">Physiotherapie<\/td>\n<td style=\"width: 30.7443%;\">25 Minuten<\/td>\n<td style=\"width: 25.5663%;\">35,00 EUR<\/td>\n<\/tr>\n<tr>\n<td style=\"width: 43.6893%;\"><\/td>\n<td style=\"width: 30.7443%;\">45 Minuten<\/td>\n<td style=\"width: 25.5663%;\">60,00 EUR<\/td>\n<\/tr>\n<tr>\n<td style=\"width: 43.6893%;\">Schmerztherapie<\/td>\n<td style=\"width: 30.7443%;\"><\/td>\n<td style=\"width: 25.5663%;\">70 EUR<\/td>\n<\/tr>\n<tr>\n<td style=\"width: 43.6893%;\">Massage<\/td>\n<td style=\"width: 30.7443%;\">20 Minuten<\/td>\n<td style=\"width: 25.5663%;\">28,00 EUR<\/td>\n<\/tr>\n<tr>\n<td style=\"width: 43.6893%;\">W\u00e4rme (hei\u00dfe Rolle)<\/td>\n<td style=\"width: 30.7443%;\"><\/td>\n<td style=\"width: 25.5663%;\">10,00 EUR<\/td>\n<\/tr>\n<tr>\n<td style=\"width: 43.6893%;\">Hausbesuche<\/td>\n<td style=\"width: 30.7443%;\">bis 5 km<\/td>\n<td style=\"width: 25.5663%;\">5,00 EUR<\/td>\n<\/tr>\n<tr>\n<td style=\"width: 43.6893%;\"><\/td>\n<td style=\"width: 30.7443%;\">ab 5 km<\/td>\n<td style=\"width: 25.5663%;\">+ 0,30 EUR \/\u00a0 km<\/td>\n<\/tr>\n<tr>\n<td style=\"width: 43.6893%;\">Ausfallgeb\u00fchr<\/td>\n<td style=\"width: 30.7443%;\"><\/td>\n<td style=\"width: 25.5663%;\">20 EUR<\/td>\n<\/tr>\n<\/tbody>\n<\/table>\n<p>&nbsp;<\/p>\n<p>[\/et_pb_text][\/et_pb_column][\/et_pb_row][\/et_pb_section][et_pb_section fb_built=&#8220;1&#8243; fullwidth=&#8220;on&#8220; module_id=&#8220;dorntherapie&#8220; _builder_version=&#8220;4.16&#8243; _module_preset=&#8220;default&#8220; width=&#8220;100%&#8220; height=&#8220;100%&#8220; custom_padding=&#8220;20px||20px||true|false&#8220; global_colors_info=&#8220;{}&#8220;][et_pb_fullwidth_header title=&#8220;Die Dorn-Therapie&#8220; _builder_version=&#8220;4.16&#8243; _module_preset=&#8220;default&#8220; title_level=&#8220;h2&#8243; title_font=&#8220;|||on|||||&#8220; title_text_align=&#8220;center&#8220; title_font_size=&#8220;45px&#8220; title_letter_spacing=&#8220;5px&#8220; custom_padding=&#8220;0px||0px||true|false&#8220; title_font_size_tablet=&#8220;35px&#8220; title_font_size_phone=&#8220;25px&#8220; title_font_size_last_edited=&#8220;on|phone&#8220; global_colors_info=&#8220;{}&#8220;][\/et_pb_fullwidth_header][\/et_pb_section][et_pb_section fb_built=&#8220;1&#8243; _builder_version=&#8220;4.16&#8243; _module_preset=&#8220;default&#8220; custom_padding=&#8220;20px||20px||true|false&#8220; global_colors_info=&#8220;{}&#8220;][et_pb_row _builder_version=&#8220;4.16&#8243; _module_preset=&#8220;default&#8220; custom_padding=&#8220;20px||20px||true|false&#8220; global_colors_info=&#8220;{}&#8220;][et_pb_column type=&#8220;4_4&#8243; _builder_version=&#8220;4.16&#8243; _module_preset=&#8220;default&#8220; global_colors_info=&#8220;{}&#8220;][et_pb_text _builder_version=&#8220;4.16&#8243; _module_preset=&#8220;default&#8220; global_colors_info=&#8220;{}&#8220;]<\/p>\n<p style=\"text-align: center;\"><span>Die\u00a0<\/span><span>Dorn-Therapie<\/span><span>\u00a0ist eine sanfte Wirbels\u00e4ulen- und Gelenkbehandlung.<\/span><\/p>\n<p style=\"text-align: center;\"><span>Wirbel- und K\u00f6rpergelenke werden mit Hilfe der Eigendynamik des Patienten in ihre nat\u00fcrliche Funktion gebracht. In der Praxis hat sich gezeigt, dass die Behandlungen auch Einfluss nehmen auf die Organe (z. B. Magenschmerz, Herzklopfen, Verdauung) und die Psyche.<\/span><small><br \/><\/small><span><\/span><\/p>\n<p style=\"text-align: center;\"><span>Eine optimale Behandlung beginnt mit der Feststellung der Beinl\u00e4nge und der evtl. n\u00f6tigen Behandlung dieser Differenz, um eine gute Ausgangsbasis zu schaffen. Dann folgt die Diagnose und Behandlung der Wirbels\u00e4ule vom Kreuzbein bis zum 1. Halswirbel.<\/span><\/p>\n<p style=\"text-align: center;\"><span>Je nach Beschwerdebild werden auch andere Gelenke mitbehandelt.<\/span><br \/><span><\/span><\/p>\n<p style=\"text-align: center;\"><span>Oftmals sind nur wenige Behandlungen n\u00f6tig, um ein gutes Ergebnis zu erzielen. Die Unterst\u00fctzung des langfristigen Erfolgs ist ein spezielles Hausaufgabenprogramm.<\/span><\/p>\n<p>[\/et_pb_text][\/et_pb_column][\/et_pb_row][et_pb_row _builder_version=&#8220;4.16&#8243; _module_preset=&#8220;default&#8220; custom_padding=&#8220;20px||20px||true|false&#8220; global_colors_info=&#8220;{}&#8220;][et_pb_column type=&#8220;4_4&#8243; _builder_version=&#8220;4.16&#8243; _module_preset=&#8220;default&#8220; global_colors_info=&#8220;{}&#8220;][et_pb_image src=&#8220;https:\/\/inesholling.de\/wp-content\/uploads\/2022\/03\/AdobeStock_297404141-scaled.jpeg&#8220; alt=&#8220;Dorn-Therapie&#8220; title_text=&#8220;Scoliosis Spine Curve Anatomy, Posture Correction. Chiropractic treatment, Back pain relief.&#8220; align=&#8220;center&#8220; _builder_version=&#8220;4.16&#8243; _module_preset=&#8220;default&#8220; width_tablet=&#8220;100%&#8220; width_phone=&#8220;100%&#8220; width_last_edited=&#8220;on|desktop&#8220; custom_padding=&#8220;20px||20px||true|false&#8220; global_colors_info=&#8220;{}&#8220;][\/et_pb_image][\/et_pb_column][\/et_pb_row][\/et_pb_section]<\/p>\n","protected":false},"excerpt":{"rendered":"<p>0176 96034110ines@holling.deTermine nach Vereinbarung0176 96034110ines@holling.deTermine nach VereinbarungInes Holling Heilpraktikerin (Physiotherapie)Privatrezepte Mit Ihrem Rezept k\u00f6nnen Sie bei mir folgende Leistungen bekommen: Krankengymnastik Massage(ggf. mit hei\u00dfer Rolle) HausbesuchePrivatzahler Ohne Umwege direkt zum Therapeuten! G\u00f6nnen Sie sich: Physiotherapie z. B.: \u00a0&#8211; bei\u00a0akuten Orthop\u00e4dische\u00a0Beschwerden &#8211; bei chronischen Komplexbeschwerden \u00a0\u00a0\u00a0\u00a0Massage\u00a0(ggf. mit hei\u00dfer Rolle) \u00a0\u00a0\u00a0 Gutscheine&nbsp; Physiotherapie 25 Minuten 35,00 EUR [&hellip;]<\/p>\n","protected":false},"author":1,"featured_media":0,"parent":0,"menu_order":0,"comment_status":"closed","ping_status":"open","template":"","meta":{"_et_pb_use_builder":"on","_et_pb_old_content":"<!-- wp:paragraph -->\n<p>This is an example page. It's different from a blog post because it will stay in one place and will show up in your site navigation (in most themes). Most people start with an About page that introduces them to potential site visitors. It might say something like this:<\/p>\n<!-- \/wp:paragraph -->\n\n<!-- wp:quote -->\n<blockquote class=\"wp-block-quote\"><p>Hi there! I'm a bike messenger by day, aspiring actor by night, and this is my website. I live in Los Angeles, have a great dog named Jack, and I like pi\u00f1a coladas. (And gettin' caught in the rain.)<\/p><\/blockquote>\n<!-- \/wp:quote -->\n\n<!-- wp:paragraph -->\n<p>...or something like this:<\/p>\n<!-- \/wp:paragraph -->\n\n<!-- wp:quote -->\n<blockquote class=\"wp-block-quote\"><p>The XYZ Doohickey Company was founded in 1971, and has been providing quality doohickeys to the public ever since. Located in Gotham City, XYZ employs over 2,000 people and does all kinds of awesome things for the Gotham community.<\/p><\/blockquote>\n<!-- \/wp:quote -->\n\n<!-- wp:paragraph -->\n<p>As a new WordPress user, you should go to <a href=\"https:\/\/inesholling.de\/wp-admin\/\">your dashboard<\/a> to delete this page and create new pages for your content. Have fun!<\/p>\n<!-- \/wp:paragraph -->","_et_gb_content_width":"","footnotes":""},"class_list":["post-2","page","type-page","status-publish","hentry"],"_links":{"self":[{"href":"https:\/\/inesholling.de\/index.php?rest_route=\/wp\/v2\/pages\/2","targetHints":{"allow":["GET"]}}],"collection":[{"href":"https:\/\/inesholling.de\/index.php?rest_route=\/wp\/v2\/pages"}],"about":[{"href":"https:\/\/inesholling.de\/index.php?rest_route=\/wp\/v2\/types\/page"}],"author":[{"embeddable":true,"href":"https:\/\/inesholling.de\/index.php?rest_route=\/wp\/v2\/users\/1"}],"replies":[{"embeddable":true,"href":"https:\/\/inesholling.de\/index.php?rest_route=%2Fwp%2Fv2%2Fcomments&post=2"}],"version-history":[{"count":57,"href":"https:\/\/inesholling.de\/index.php?rest_route=\/wp\/v2\/pages\/2\/revisions"}],"predecessor-version":[{"id":190,"href":"https:\/\/inesholling.de\/index.php?rest_route=\/wp\/v2\/pages\/2\/revisions\/190"}],"wp:attachment":[{"href":"https:\/\/inesholling.de\/index.php?rest_route=%2Fwp%2Fv2%2Fmedia&parent=2"}],"curies":[{"name":"wp","href":"https:\/\/api.w.org\/{rel}","templated":true}]}}